{"id":1826,"date":"2025-05-06T22:27:12","date_gmt":"2025-05-06T20:27:12","guid":{"rendered":"https:\/\/unite124.be\/?page_id=1826"},"modified":"2025-05-26T20:46:21","modified_gmt":"2025-05-26T18:46:21","slug":"agenda","status":"publish","type":"page","link":"https:\/\/unite124.be\/index.php\/agenda\/","title":{"rendered":"Agenda"},"content":{"rendered":"\t\t<div data-elementor-type=\"wp-page\" data-elementor-id=\"1826\" class=\"elementor elementor-1826\">\n\t\t\t\t\t\t<section class=\"wpr-jarallax elementor-section elementor-top-section elementor-element elementor-element-217b6f77 wpr-jarallax-yes aafe-bg-parallax-yes elementor-section-boxed elementor-section-height-default elementor-section-height-default wpr-particle-no jltma-glass-effect-no aafe-ml-parallax-no\" speed-data=\"1.4\" bg-image=\"\" scroll-effect=\"scroll\" data-parallax-speed=\"0.5\" data-parallax-disable-mobile=\"no\" data-id=\"217b6f77\" data-element_type=\"section\" data-e-type=\"section\" data-settings=\"{&quot;background_background&quot;:&quot;classic&quot;}\">\n\t\t\t\t\t\t\t<div class=\"elementor-background-overlay\"><\/div>\n\t\t\t\t\t\t\t<div class=\"elementor-container elementor-column-gap-default\">\n\t\t\t\t\t<div class=\"elementor-column elementor-col-100 elementor-top-column elementor-element elementor-element-23652653 jltma-glass-effect-no\" data-id=\"23652653\" data-element_type=\"column\" data-e-type=\"column\">\n\t\t\t<div class=\"elementor-widget-wrap elementor-element-populated\">\n\t\t\t\t\t\t<div class=\"elementor-element elementor-element-298ac89 jltma-glass-effect-no elementor-widget elementor-widget-heading\" data-id=\"298ac89\" data-element_type=\"widget\" data-e-type=\"widget\" data-widget_type=\"heading.default\">\n\t\t\t\t<div class=\"elementor-widget-container\">\n\t\t\t\t\t<h2 class=\"elementor-heading-title elementor-size-default\">Agenda<\/h2>\t\t\t\t<\/div>\n\t\t\t\t<\/div>\n\t\t\t\t\t<\/div>\n\t\t<\/div>\n\t\t\t\t\t<\/div>\n\t\t<\/section>\n\t\t\t\t<section class=\"elementor-section elementor-top-section elementor-element elementor-element-19b5507a elementor-section-content-middle elementor-reverse-mobile elementor-section-boxed elementor-section-height-default elementor-section-height-default wpr-particle-no wpr-jarallax-no wpr-parallax-no wpr-sticky-section-no jltma-glass-effect-no aafe-bg-parallax-no aafe-ml-parallax-no\" data-id=\"19b5507a\" data-element_type=\"section\" data-e-type=\"section\" data-settings=\"{&quot;background_background&quot;:&quot;classic&quot;}\">\n\t\t\t\t\t\t<div class=\"elementor-container elementor-column-gap-default\">\n\t\t\t\t\t<div class=\"elementor-column elementor-col-50 elementor-top-column elementor-element elementor-element-2a959cf4 jltma-glass-effect-no\" data-id=\"2a959cf4\" data-element_type=\"column\" data-e-type=\"column\">\n\t\t\t<div class=\"elementor-widget-wrap elementor-element-populated\">\n\t\t\t\t\t\t<div class=\"elementor-element elementor-element-2206d332 jltma-glass-effect-no elementor-widget elementor-widget-text-editor\" data-id=\"2206d332\" data-element_type=\"widget\" data-e-type=\"widget\" data-widget_type=\"text-editor.default\">\n\t\t\t\t<div class=\"elementor-widget-container\">\n\t\t\t\t\t\t\t\t\t<p>Chaque ann\u00e9e, l\u2019unit\u00e9 re\u00e7oit une demande importante de nouvelles inscriptions et est oblig\u00e9e d\u2019en refuser pour maintenir la qualit\u00e9 de son animation. En m\u00eame temps, nous remarquons l\u2019absence de nombreux anim\u00e9s \u00e0 chaque activit\u00e9 scoute.<\/p>\n<p>Nous vous demandons donc instamment, de v\u00e9rifier, avant toute inscription pour l\u2019ann\u00e9e scoute suivante, que l\u2019agenda propos\u00e9 par notre unit\u00e9 ne rentre pas en conflit avec d\u2019autres agendas de la famille (activit\u00e9s sportives, scolaires, familiales, autre loisir\u2026). <strong>Afin de pr\u00e9server la motivation de TOUS et une participation ad\u00e9quate \u00e0 la qualit\u00e9 de l\u2019animation, la participation de chaque scout \u00e0 chaque activit\u00e9 de sa section est obligatoire. <\/strong>Merci de penser \u00e0 tous les enfants qui n\u2019ont pas eu leur place chez nous, ainsi qu\u2019aux animateurs qui donnent chaque semaine du talent et du coeur, b\u00e9n\u00e9volement.<\/p>\n<p>Par ailleurs, merci de pr\u00e9venir les animateurs en cas d\u2019absence ponctuelle, au moins deux jours avant la r\u00e9union.<\/p>\t\t\t\t\t\t\t\t<\/div>\n\t\t\t\t<\/div>\n\t\t\t\t\t<\/div>\n\t\t<\/div>\n\t\t\t\t<div class=\"elementor-column elementor-col-50 elementor-top-column elementor-element elementor-element-fe1526d jltma-glass-effect-no\" data-id=\"fe1526d\" data-element_type=\"column\" data-e-type=\"column\">\n\t\t\t<div class=\"elementor-widget-wrap elementor-element-populated\">\n\t\t\t\t\t\t<div class=\"elementor-element elementor-element-69cbf84 stretch-right elementor-absolute elementor-hidden-mobile jltma-glass-effect-no elementor-widget elementor-widget-image\" data-id=\"69cbf84\" data-element_type=\"widget\" data-e-type=\"widget\" data-settings=\"{&quot;_position&quot;:&quot;absolute&quot;}\" data-widget_type=\"image.default\">\n\t\t\t\t<div class=\"elementor-widget-container\">\n\t\t\t\t\t\t\t\t\t\t\t\t\t\t\t<img fetchpriority=\"high\" decoding=\"async\" width=\"297\" height=\"275\" src=\"https:\/\/unite124.be\/wp-content\/uploads\/2025\/05\/topping-green.97f6aa3e.png\" class=\"attachment-medium size-medium wp-image-1946\" alt=\"\" srcset=\"https:\/\/unite124.be\/wp-content\/uploads\/2025\/05\/topping-green.97f6aa3e.png 297w, https:\/\/unite124.be\/wp-content\/uploads\/2025\/05\/topping-green.97f6aa3e-230x213.png 230w\" sizes=\"(max-width: 297px) 100vw, 297px\" \/>\t\t\t\t\t\t\t\t\t\t\t\t\t\t\t<\/div>\n\t\t\t\t<\/div>\n\t\t\t\t<div class=\"elementor-element elementor-element-4a08a6ce stretch-right elementor-hidden-mobile jltma-glass-effect-no elementor-widget elementor-widget-image\" data-id=\"4a08a6ce\" data-element_type=\"widget\" data-e-type=\"widget\" data-widget_type=\"image.default\">\n\t\t\t\t<div class=\"elementor-widget-container\">\n\t\t\t\t\t\t\t\t\t\t\t\t\t\t\t<img decoding=\"async\" width=\"1536\" height=\"1004\" src=\"https:\/\/unite124.be\/wp-content\/uploads\/2025\/05\/camps_03-1536x1004.jpg\" class=\"attachment-1536x1536 size-1536x1536 wp-image-2579\" alt=\"\" srcset=\"https:\/\/unite124.be\/wp-content\/uploads\/2025\/05\/camps_03-1536x1004.jpg 1536w, https:\/\/unite124.be\/wp-content\/uploads\/2025\/05\/camps_03-300x196.jpg 300w, https:\/\/unite124.be\/wp-content\/uploads\/2025\/05\/camps_03-1024x670.jpg 1024w, https:\/\/unite124.be\/wp-content\/uploads\/2025\/05\/camps_03-768x502.jpg 768w, https:\/\/unite124.be\/wp-content\/uploads\/2025\/05\/camps_03-1000x654.jpg 1000w, https:\/\/unite124.be\/wp-content\/uploads\/2025\/05\/camps_03-230x150.jpg 230w, https:\/\/unite124.be\/wp-content\/uploads\/2025\/05\/camps_03-350x229.jpg 350w, https:\/\/unite124.be\/wp-content\/uploads\/2025\/05\/camps_03-480x314.jpg 480w, https:\/\/unite124.be\/wp-content\/uploads\/2025\/05\/camps_03.jpg 1566w\" sizes=\"(max-width: 1536px) 100vw, 1536px\" \/>\t\t\t\t\t\t\t\t\t\t\t\t\t\t\t<\/div>\n\t\t\t\t<\/div>\n\t\t\t\t\t<\/div>\n\t\t<\/div>\n\t\t\t\t\t<\/div>\n\t\t<\/section>\n\t\t\t\t<section class=\"elementor-section elementor-top-section elementor-element elementor-element-4bde4ee1 elementor-section-content-middle elementor-section-boxed elementor-section-height-default elementor-section-height-default wpr-particle-no wpr-jarallax-no wpr-parallax-no wpr-sticky-section-no jltma-glass-effect-no aafe-bg-parallax-no aafe-ml-parallax-no\" data-id=\"4bde4ee1\" data-element_type=\"section\" data-e-type=\"section\" data-settings=\"{&quot;background_background&quot;:&quot;classic&quot;}\">\n\t\t\t\t\t\t<div class=\"elementor-container elementor-column-gap-no\">\n\t\t\t\t\t<div class=\"elementor-column elementor-col-100 elementor-top-column elementor-element elementor-element-50ad8107 jltma-glass-effect-no\" data-id=\"50ad8107\" data-element_type=\"column\" data-e-type=\"column\" data-settings=\"{&quot;background_background&quot;:&quot;classic&quot;}\">\n\t\t\t<div class=\"elementor-widget-wrap elementor-element-populated\">\n\t\t\t\t\t\t<div class=\"elementor-element elementor-element-f6e0fd2 e-n-tabs-mobile jltma-glass-effect-no elementor-widget elementor-widget-n-tabs\" data-id=\"f6e0fd2\" data-element_type=\"widget\" data-e-type=\"widget\" data-settings=\"{&quot;tabs_justify_horizontal&quot;:&quot;start&quot;,&quot;horizontal_scroll&quot;:&quot;disable&quot;}\" data-widget_type=\"nested-tabs.default\">\n\t\t\t\t<div class=\"elementor-widget-container\">\n\t\t\t\t\t\t\t<div class=\"e-n-tabs\" data-widget-number=\"258871250\" aria-label=\"Onglets. Ouvrez des \u00e9l\u00e9ments avec Entrer ou Espace, fermez-les avec Echape et naviguez \u00e0 l&#039;aide des touches fl\u00e9ch\u00e9es.\">\n\t\t\t<div class=\"e-n-tabs-heading\" role=\"tablist\">\n\t\t\t\t\t<button id=\"e-n-tab-title-2588712501\" data-tab-title-id=\"e-n-tab-title-2588712501\" class=\"e-n-tab-title\" aria-selected=\"true\" data-tab-index=\"1\" role=\"tab\" tabindex=\"0\" aria-controls=\"e-n-tab-content-2588712501\" style=\"--n-tabs-title-order: 1;\">\n\t\t\t\t\t\t<span class=\"e-n-tab-title-text\">\n\t\t\t\tAgenda 2025-2026 des enfants\t\t\t<\/span>\n\t\t<\/button>\n\t\t\t\t<button id=\"e-n-tab-title-2588712502\" data-tab-title-id=\"e-n-tab-title-2588712502\" class=\"e-n-tab-title\" aria-selected=\"false\" data-tab-index=\"2\" role=\"tab\" tabindex=\"-1\" aria-controls=\"e-n-tab-content-2588712502\" style=\"--n-tabs-title-order: 2;\">\n\t\t\t\t\t\t<span class=\"e-n-tab-title-text\">\n\t\t\t\tAgenda 2025-2026 des parents\t\t\t<\/span>\n\t\t<\/button>\n\t\t\t\t\t<\/div>\n\t\t\t<div class=\"e-n-tabs-content\">\n\t\t\t\t<div id=\"e-n-tab-content-2588712501\" role=\"tabpanel\" aria-labelledby=\"e-n-tab-title-2588712501\" data-tab-index=\"1\" style=\"--n-tabs-title-order: 1;\" class=\"e-active elementor-element elementor-element-d058c76 e-con-full e-flex jltma-glass-effect-no wpr-particle-no wpr-jarallax-no wpr-parallax-no wpr-sticky-section-no aafe-bg-parallax-no aafe-ml-parallax-no e-con e-child\" data-id=\"d058c76\" data-element_type=\"container\" data-e-type=\"container\" data-settings=\"{&quot;background_background&quot;:&quot;classic&quot;}\">\n\t\t<div class=\"elementor-element elementor-element-d5f982e e-flex e-con-boxed jltma-glass-effect-no wpr-particle-no wpr-jarallax-no wpr-parallax-no wpr-sticky-section-no aafe-bg-parallax-no aafe-ml-parallax-no e-con e-child\" data-id=\"d5f982e\" data-element_type=\"container\" data-e-type=\"container\" data-settings=\"{&quot;background_background&quot;:&quot;classic&quot;}\">\n\t\t\t\t\t<div class=\"e-con-inner\">\n\t\t\t\t<div class=\"elementor-element elementor-element-f0b7fdf jltma-glass-effect-no elementor-widget elementor-widget-the-events-calendar-addon\" data-id=\"f0b7fdf\" data-element_type=\"widget\" data-e-type=\"widget\" data-widget_type=\"the-events-calendar-addon.default\">\n\t\t\t\t<div class=\"elementor-widget-container\">\n\t\t\t\t\t<!=========Events list Template 1.7.3=========><script type=\"application\/ld+json\">\r\n[{\"@context\":\"http:\/\/schema.org\",\"@type\":\"Event\",\"name\":\"Week end d\\u2019unit\\u00e9\",\"description\":\"\",\"url\":\"https:\/\/unite124.be\/index.php\/event\/week-end-dunite\/\",\"eventAttendanceMode\":\"https:\/\/schema.org\/OfflineEventAttendanceMode\",\"eventStatus\":\"https:\/\/schema.org\/EventScheduled\",\"startDate\":\"2026-04-17T00:00:00+02:00\",\"endDate\":\"2026-04-19T23:59:00+02:00\",\"performer\":\"Organization\"},{\"@context\":\"http:\/\/schema.org\",\"@type\":\"Event\",\"name\":\"R\\u00e9union\",\"description\":\"\",\"url\":\"https:\/\/unite124.be\/index.php\/event\/reunion-9\/\",\"eventAttendanceMode\":\"https:\/\/schema.org\/OfflineEventAttendanceMode\",\"eventStatus\":\"https:\/\/schema.org\/EventScheduled\",\"startDate\":\"2026-05-10T09:30:00+02:00\",\"endDate\":\"2026-05-10T16:30:00+02:00\",\"performer\":\"Organization\"},{\"@context\":\"http:\/\/schema.org\",\"@type\":\"Event\",\"name\":\"Grands camps\",\"description\":\"\",\"url\":\"https:\/\/unite124.be\/index.php\/event\/grands-camps\/\",\"eventAttendanceMode\":\"https:\/\/schema.org\/OfflineEventAttendanceMode\",\"eventStatus\":\"https:\/\/schema.org\/EventScheduled\",\"startDate\":\"2026-07-03T00:00:00+02:00\",\"endDate\":\"2026-07-19T23:59:00+02:00\",\"performer\":\"Organization\"}]\r\n<\/script><div id=\"ectbe-wrapper-f0b7fdf\" class=\"ectbe-wrapper ectbe-list-wrapper style-1\"><div id=\"event-2437\" class=\"ectbe-inner-wrapper ectbe-simple-event\"><div class=\"ectbe-date-area\">\n                                <span class=\"ectbe-ev-day\">17<\/span>\n                                <span class=\"ectbe-ev-mo\">avril<\/span>\n                                <span class=\"ectbe-ev-yr\">2026<\/span>\n                                <\/div><div class=\"ectbe-content-box\"><div class=\"ectbe-evt-title\"><a class=\"ectbe-evt-url\" href=\"https:\/\/unite124.be\/index.php\/event\/week-end-dunite\/\">Week end d\u2019unit\u00e9<\/a><\/div><div class=\"ectbe-evt-time\"><i class=\"ectbe-icon-clock\"><\/i>avril 17 - avril 19<\/div><div class=\"ectbe-evt-description\"><\/div><\/div><div class=\"ectbe-evt-more-box\"><a class=\"ectbe-evt-read-more\" href=\"https:\/\/unite124.be\/index.php\/event\/week-end-dunite\/\">Find out more<\/a><\/div><\/div><div id=\"event-2439\" class=\"ectbe-inner-wrapper ectbe-simple-event\"><div class=\"ectbe-date-area\">\n                                <span class=\"ectbe-ev-day\">10<\/span>\n                                <span class=\"ectbe-ev-mo\">mai<\/span>\n                                <span class=\"ectbe-ev-yr\">2026<\/span>\n                                <\/div><div class=\"ectbe-content-box\"><div class=\"ectbe-evt-title\"><a class=\"ectbe-evt-url\" href=\"https:\/\/unite124.be\/index.php\/event\/reunion-9\/\">R\u00e9union<\/a><\/div><div class=\"ectbe-evt-time\"><i class=\"ectbe-icon-clock\"><\/i>9h30 - 16h30<\/div><div class=\"ectbe-evt-description\"><\/div><\/div><div class=\"ectbe-evt-more-box\"><a class=\"ectbe-evt-read-more\" href=\"https:\/\/unite124.be\/index.php\/event\/reunion-9\/\">Find out more<\/a><\/div><\/div><div id=\"event-2441\" class=\"ectbe-inner-wrapper ectbe-simple-event\"><div class=\"ectbe-date-area\">\n                                <span class=\"ectbe-ev-day\">03<\/span>\n                                <span class=\"ectbe-ev-mo\">juillet<\/span>\n                                <span class=\"ectbe-ev-yr\">2026<\/span>\n                                <\/div><div class=\"ectbe-content-box\"><div class=\"ectbe-evt-title\"><a class=\"ectbe-evt-url\" href=\"https:\/\/unite124.be\/index.php\/event\/grands-camps\/\">Grands camps<\/a><\/div><div class=\"ectbe-evt-time\"><i class=\"ectbe-icon-clock\"><\/i>juillet 3 - juillet 19<\/div><div class=\"ectbe-evt-description\"><\/div><\/div><div class=\"ectbe-evt-more-box\"><a class=\"ectbe-evt-read-more\" href=\"https:\/\/unite124.be\/index.php\/event\/grands-camps\/\">Find out more<\/a><\/div><\/div><\/div>\t\t\t\t<\/div>\n\t\t\t\t<\/div>\n\t\t\t\t\t<\/div>\n\t\t\t\t<\/div>\n\t\t\t\t<\/div>\n\t\t<div id=\"e-n-tab-content-2588712502\" role=\"tabpanel\" aria-labelledby=\"e-n-tab-title-2588712502\" data-tab-index=\"2\" style=\"--n-tabs-title-order: 2;\" class=\" elementor-element elementor-element-c9dea1d e-con-full e-flex jltma-glass-effect-no wpr-particle-no wpr-jarallax-no wpr-parallax-no wpr-sticky-section-no aafe-bg-parallax-no aafe-ml-parallax-no e-con e-child\" data-id=\"c9dea1d\" data-element_type=\"container\" data-e-type=\"container\">\n\t\t<div class=\"elementor-element elementor-element-c385096 e-flex e-con-boxed jltma-glass-effect-no wpr-particle-no wpr-jarallax-no wpr-parallax-no wpr-sticky-section-no aafe-bg-parallax-no aafe-ml-parallax-no e-con e-child\" data-id=\"c385096\" data-element_type=\"container\" data-e-type=\"container\" data-settings=\"{&quot;background_background&quot;:&quot;classic&quot;}\">\n\t\t\t\t\t<div class=\"e-con-inner\">\n\t\t\t\t<div class=\"elementor-element elementor-element-f7c278a jltma-glass-effect-no elementor-widget elementor-widget-the-events-calendar-addon\" data-id=\"f7c278a\" data-element_type=\"widget\" data-e-type=\"widget\" data-widget_type=\"the-events-calendar-addon.default\">\n\t\t\t\t<div class=\"elementor-widget-container\">\n\t\t\t\t\t<!=========Events list Template 1.7.3=========><div id=\"ectbe-wrapper-f7c278a\" class=\"ectbe-wrapper ectbe-list-wrapper style-1\"><h3>There is no Event<\/h3><\/div>\t\t\t\t<\/div>\n\t\t\t\t<\/div>\n\t\t\t\t\t<\/div>\n\t\t\t\t<\/div>\n\t\t\t\t<\/div>\n\t\t\t\t\t<\/div>\n\t\t<\/div>\n\t\t\t\t\t\t<\/div>\n\t\t\t\t<\/div>\n\t\t\t\t\t<\/div>\n\t\t<\/div>\n\t\t\t\t\t<\/div>\n\t\t<\/section>\n\t\t\t\t<section class=\"elementor-section elementor-top-section elementor-element elementor-element-76e78df2 elementor-section-boxed elementor-section-height-default elementor-section-height-default wpr-particle-no wpr-jarallax-no wpr-parallax-no wpr-sticky-section-no jltma-glass-effect-no aafe-bg-parallax-no aafe-ml-parallax-no\" data-id=\"76e78df2\" data-element_type=\"section\" data-e-type=\"section\" data-settings=\"{&quot;background_background&quot;:&quot;classic&quot;}\">\n\t\t\t\t\t\t<div class=\"elementor-container elementor-column-gap-wide\">\n\t\t\t\t\t<div class=\"elementor-column elementor-col-25 elementor-top-column elementor-element elementor-element-10e30ff5 jltma-glass-effect-no\" data-id=\"10e30ff5\" data-element_type=\"column\" data-e-type=\"column\">\n\t\t\t<div class=\"elementor-widget-wrap elementor-element-populated\">\n\t\t\t\t\t\t<div class=\"elementor-element elementor-element-2295676 elementor-widget__width-initial jltma-glass-effect-no elementor-widget elementor-widget-image\" data-id=\"2295676\" data-element_type=\"widget\" data-e-type=\"widget\" data-widget_type=\"image.default\">\n\t\t\t\t<div class=\"elementor-widget-container\">\n\t\t\t\t\t\t\t\t\t\t\t\t\t\t\t\t<a href=\"https:\/\/unite124.be\/\">\n\t\t\t\t\t\t\t<img decoding=\"async\" width=\"200\" height=\"189\" src=\"https:\/\/unite124.be\/wp-content\/uploads\/2025\/05\/unite-logo-White_footer.png\" class=\"attachment-medium size-medium wp-image-1738\" alt=\"\" srcset=\"https:\/\/unite124.be\/wp-content\/uploads\/2025\/05\/unite-logo-White_footer.png 200w, https:\/\/unite124.be\/wp-content\/uploads\/2025\/05\/elementor\/thumbs\/unite-logo-White_footer-r56itwkm77oi143uofazdqx273lov8bq527kumgmnq.png 100w\" sizes=\"(max-width: 200px) 100vw, 200px\" \/>\t\t\t\t\t\t\t\t<\/a>\n\t\t\t\t\t\t\t\t\t\t\t\t\t\t\t<\/div>\n\t\t\t\t<\/div>\n\t\t\t\t\t<\/div>\n\t\t<\/div>\n\t\t\t\t<div class=\"elementor-column elementor-col-25 elementor-top-column elementor-element elementor-element-565bd3b6 jltma-glass-effect-no\" data-id=\"565bd3b6\" data-element_type=\"column\" data-e-type=\"column\">\n\t\t\t<div class=\"elementor-widget-wrap elementor-element-populated\">\n\t\t\t\t\t\t<div class=\"elementor-element elementor-element-30dbfb40 elementor-widget-tablet__width-inherit jltma-glass-effect-no elementor-widget elementor-widget-heading\" data-id=\"30dbfb40\" data-element_type=\"widget\" data-e-type=\"widget\" data-widget_type=\"heading.default\">\n\t\t\t\t<div class=\"elementor-widget-container\">\n\t\t\t\t\t<h4 class=\"elementor-heading-title elementor-size-default\">UNITE 124<\/h4>\t\t\t\t<\/div>\n\t\t\t\t<\/div>\n\t\t\t\t<div class=\"elementor-element elementor-element-3e0f8796 elementor-widget-tablet__width-inherit jltma-glass-effect-no elementor-widget elementor-widget-text-editor\" data-id=\"3e0f8796\" data-element_type=\"widget\" data-e-type=\"widget\" data-widget_type=\"text-editor.default\">\n\t\t\t\t<div class=\"elementor-widget-container\">\n\t\t\t\t\t\t\t\t\t<p>rue de l&rsquo;\u00e9lan, 44<br \/>1170 Watermael Boitsfort<br \/><span style=\"text-decoration: underline;\"><a href=\"mailto:unitescoute124@gmail.com\">unitescoute124@gmail.com<\/a><\/span><\/p>\t\t\t\t\t\t\t\t<\/div>\n\t\t\t\t<\/div>\n\t\t\t\t<div class=\"elementor-element elementor-element-6f279cf6 jltma-glass-effect-no elementor-widget elementor-widget-heading\" data-id=\"6f279cf6\" data-element_type=\"widget\" data-e-type=\"widget\" data-widget_type=\"heading.default\">\n\t\t\t\t<div class=\"elementor-widget-container\">\n\t\t\t\t\t<h4 class=\"elementor-heading-title elementor-size-default\">Membre de la f\u00e9d\u00e9ration :<\/h4>\t\t\t\t<\/div>\n\t\t\t\t<\/div>\n\t\t\t\t<div class=\"elementor-element elementor-element-31d3e96e elementor-widget__width-initial elementor-widget-tablet__width-inherit jltma-glass-effect-no elementor-widget elementor-widget-image\" data-id=\"31d3e96e\" data-element_type=\"widget\" data-e-type=\"widget\" data-widget_type=\"image.default\">\n\t\t\t\t<div class=\"elementor-widget-container\">\n\t\t\t\t\t\t\t\t\t\t\t\t\t\t\t\t<a href=\"https:\/\/lesscouts.be\/fr\" target=\"_blank\">\n\t\t\t\t\t\t\t<img loading=\"lazy\" decoding=\"async\" width=\"159\" height=\"61\" src=\"https:\/\/unite124.be\/wp-content\/uploads\/2025\/05\/logo-footer.png\" class=\"attachment-large size-large wp-image-2658\" alt=\"\" \/>\t\t\t\t\t\t\t\t<\/a>\n\t\t\t\t\t\t\t\t\t\t\t\t\t\t\t<\/div>\n\t\t\t\t<\/div>\n\t\t\t\t\t<\/div>\n\t\t<\/div>\n\t\t\t\t<div class=\"elementor-column elementor-col-25 elementor-top-column elementor-element elementor-element-7a04521a jltma-glass-effect-no\" data-id=\"7a04521a\" data-element_type=\"column\" data-e-type=\"column\">\n\t\t\t<div class=\"elementor-widget-wrap elementor-element-populated\">\n\t\t\t\t\t\t<div class=\"elementor-element elementor-element-35a52bc5 jltma-glass-effect-no elementor-widget elementor-widget-heading\" data-id=\"35a52bc5\" data-element_type=\"widget\" data-e-type=\"widget\" data-widget_type=\"heading.default\">\n\t\t\t\t<div class=\"elementor-widget-container\">\n\t\t\t\t\t<h2 class=\"elementor-heading-title elementor-size-default\">Nous connaitre\n<\/h2>\t\t\t\t<\/div>\n\t\t\t\t<\/div>\n\t\t\t\t<div class=\"elementor-element elementor-element-1143dae jltma-glass-effect-no elementor-widget elementor-widget-text-editor\" data-id=\"1143dae\" data-element_type=\"widget\" data-e-type=\"widget\" data-widget_type=\"text-editor.default\">\n\t\t\t\t<div class=\"elementor-widget-container\">\n\t\t\t\t\t\t\t\t\t<p><a href=\"https:\/\/unite124.be\/\">&gt; Accueil<\/a><br \/><a href=\"https:\/\/unite124.be\/index.php\/unite\/\">&gt; L&rsquo;unit\u00e9<\/a><br \/><a href=\"https:\/\/unite124.be\/index.php\/sections\/\">&gt; Sections<\/a><br \/><a href=\"https:\/\/unite124.be\/index.php\/agenda\/\">&gt; Agenda<\/a><br \/><a href=\"https:\/\/unite124.be\/index.php\/contact\/\">&gt; Contact<\/a><\/p>\t\t\t\t\t\t\t\t<\/div>\n\t\t\t\t<\/div>\n\t\t\t\t\t<\/div>\n\t\t<\/div>\n\t\t\t\t<div class=\"elementor-column elementor-col-25 elementor-top-column elementor-element elementor-element-1089bafb jltma-glass-effect-no\" data-id=\"1089bafb\" data-element_type=\"column\" data-e-type=\"column\">\n\t\t\t<div class=\"elementor-widget-wrap elementor-element-populated\">\n\t\t\t\t\t\t<div class=\"elementor-element elementor-element-6ecbd9c3 jltma-glass-effect-no elementor-widget elementor-widget-heading\" data-id=\"6ecbd9c3\" data-element_type=\"widget\" data-e-type=\"widget\" data-widget_type=\"heading.default\">\n\t\t\t\t<div class=\"elementor-widget-container\">\n\t\t\t\t\t<h2 class=\"elementor-heading-title elementor-size-default\">\nS'informer<\/h2>\t\t\t\t<\/div>\n\t\t\t\t<\/div>\n\t\t\t\t<div class=\"elementor-element elementor-element-ef72b7a jltma-glass-effect-no elementor-widget elementor-widget-text-editor\" data-id=\"ef72b7a\" data-element_type=\"widget\" data-e-type=\"widget\" data-widget_type=\"text-editor.default\">\n\t\t\t\t<div class=\"elementor-widget-container\">\n\t\t\t\t\t\t\t\t\t<p><a href=\"https:\/\/unite124.be\/index.php\/inscriptions\/\">&gt; Inscriptions<\/a><br \/><a href=\"https:\/\/unite124.be\/index.php\/uniforme\/\">&gt; Uniformes<\/a><br \/><a href=\"https:\/\/unite124.be\/index.php\/ressources\/\">&gt; Ressources<\/a><br \/><a href=\"https:\/\/unite124.be\/index.php\/respect-de-la-vie-privee\/\">&gt; Respect de la vie priv\u00e9e<\/a><br \/><a href=\"https:\/\/unite124.be\/index.php\/parents-aidants\/\">&gt; Parents aidants\u200b<\/a><br \/><a href=\"https:\/\/unite124.be\/index.php\/anciens-et-amis-iama\/\">&gt; IAmA<\/a><\/p>\t\t\t\t\t\t\t\t<\/div>\n\t\t\t\t<\/div>\n\t\t\t\t\t<\/div>\n\t\t<\/div>\n\t\t\t\t\t<\/div>\n\t\t<\/section>\n\t\t\t\t<\/div>\n\t\t","protected":false},"excerpt":{"rendered":"<p>Agenda Chaque ann\u00e9e, l\u2019unit\u00e9 re\u00e7oit une demande importante de nouvelles inscriptions et est oblig\u00e9e d\u2019en refuser pour maintenir la qualit\u00e9 de son<\/p>\n","protected":false},"author":1,"featured_media":0,"parent":0,"menu_order":0,"comment_status":"closed","ping_status":"closed","template":"page-templates\/page_front-page.php","meta":{"footnotes":""},"class_list":["post-1826","page","type-page","status-publish","hentry"],"_links":{"self":[{"href":"https:\/\/unite124.be\/index.php\/wp-json\/wp\/v2\/pages\/1826","targetHints":{"allow":["GET"]}}],"collection":[{"href":"https:\/\/unite124.be\/index.php\/wp-json\/wp\/v2\/pages"}],"about":[{"href":"https:\/\/unite124.be\/index.php\/wp-json\/wp\/v2\/types\/page"}],"author":[{"embeddable":true,"href":"https:\/\/unite124.be\/index.php\/wp-json\/wp\/v2\/users\/1"}],"replies":[{"embeddable":true,"href":"https:\/\/unite124.be\/index.php\/wp-json\/wp\/v2\/comments?post=1826"}],"version-history":[{"count":66,"href":"https:\/\/unite124.be\/index.php\/wp-json\/wp\/v2\/pages\/1826\/revisions"}],"predecessor-version":[{"id":3058,"href":"https:\/\/unite124.be\/index.php\/wp-json\/wp\/v2\/pages\/1826\/revisions\/3058"}],"wp:attachment":[{"href":"https:\/\/unite124.be\/index.php\/wp-json\/wp\/v2\/media?parent=1826"}],"curies":[{"name":"wp","href":"https:\/\/api.w.org\/{rel}","templated":true}]}}