{"id":2534,"date":"2025-05-19T22:41:09","date_gmt":"2025-05-19T20:41:09","guid":{"rendered":"https:\/\/unite124.be\/?page_id=2534"},"modified":"2025-05-26T20:46:54","modified_gmt":"2025-05-26T18:46:54","slug":"anciens-et-amis-iama","status":"publish","type":"page","link":"https:\/\/unite124.be\/index.php\/anciens-et-amis-iama\/","title":{"rendered":"Anciens et Amis"},"content":{"rendered":"\t\t<div data-elementor-type=\"wp-page\" data-elementor-id=\"2534\" class=\"elementor elementor-2534\">\n\t\t\t\t\t\t<section class=\"wpr-jarallax elementor-section elementor-top-section elementor-element elementor-element-1f2125ab wpr-jarallax-yes aafe-bg-parallax-yes elementor-section-boxed elementor-section-height-default elementor-section-height-default wpr-particle-no jltma-glass-effect-no aafe-ml-parallax-no\" speed-data=\"1.4\" bg-image=\"\" scroll-effect=\"scroll\" data-parallax-speed=\"0.5\" data-parallax-disable-mobile=\"no\" data-id=\"1f2125ab\" data-element_type=\"section\" data-e-type=\"section\" data-settings=\"{&quot;background_background&quot;:&quot;classic&quot;}\">\n\t\t\t\t\t\t\t<div class=\"elementor-background-overlay\"><\/div>\n\t\t\t\t\t\t\t<div class=\"elementor-container elementor-column-gap-default\">\n\t\t\t\t\t<div class=\"elementor-column elementor-col-100 elementor-top-column elementor-element elementor-element-6daecf58 jltma-glass-effect-no\" data-id=\"6daecf58\" data-element_type=\"column\" data-e-type=\"column\">\n\t\t\t<div class=\"elementor-widget-wrap elementor-element-populated\">\n\t\t\t\t\t\t<div class=\"elementor-element elementor-element-6092a96a jltma-glass-effect-no elementor-widget elementor-widget-heading\" data-id=\"6092a96a\" data-element_type=\"widget\" data-e-type=\"widget\" data-widget_type=\"heading.default\">\n\t\t\t\t<div class=\"elementor-widget-container\">\n\t\t\t\t\t<h2 class=\"elementor-heading-title elementor-size-default\">Anciens et Amis (IAmA)<\/h2>\t\t\t\t<\/div>\n\t\t\t\t<\/div>\n\t\t\t\t\t<\/div>\n\t\t<\/div>\n\t\t\t\t\t<\/div>\n\t\t<\/section>\n\t\t<div class=\"elementor-element elementor-element-eb4d66a e-flex e-con-boxed jltma-glass-effect-no wpr-particle-no wpr-jarallax-no wpr-parallax-no wpr-sticky-section-no aafe-bg-parallax-no aafe-ml-parallax-no e-con e-parent\" data-id=\"eb4d66a\" data-element_type=\"container\" data-e-type=\"container\" data-settings=\"{&quot;background_background&quot;:&quot;classic&quot;}\">\n\t\t\t\t\t<div class=\"e-con-inner\">\n\t\t\t\t<div class=\"elementor-element elementor-element-87d9bc9 jltma-glass-effect-no elementor-widget elementor-widget-text-editor\" data-id=\"87d9bc9\" data-element_type=\"widget\" data-e-type=\"widget\" data-widget_type=\"text-editor.default\">\n\t\t\t\t<div class=\"elementor-widget-container\">\n\t\t\t\t\t\t\t\t\t<p class=\"p1\"><strong>IAmA est le r\u00e9seau des anciens et amis des scouts Baden Powell de Belgique.<\/strong><\/p><p class=\"p1\">Etre IAmA, c\u2019est:<\/p><p class=\"p1\">&#8211; Poursuivre, diff\u00e9remment, son engagement scout,<\/p><p class=\"p1\">&#8211; Partager ses exp\u00e9riences et apprentissages,<\/p><p class=\"p1\">&#8211; Promouvoir une image positive du scoutisme,<\/p><p class=\"p1\">&#8211; Rendre service au travers d\u2019une aide ponctuelle ou durable aux unit\u00e9s scouts et \u00e0 la f\u00e9d\u00e9ration,<\/p><p class=\"p1\">&#8211; Marquer sa fiert\u00e9 d\u2019appartenir au Mouvement scout,<\/p><p class=\"p1\">&#8211; (Re)cr\u00e9er des r\u00e9seaux amicaux et professionnels,<\/p><p class=\"p1\">&#8211; Participer \u00e0 des \u00e9changes interg\u00e9n\u00e9rationnels,<\/p><p class=\"p1\">&#8211; Faire partie d\u2019un r\u00e9seau multiple, solidaire, familial o\u00f9 l\u2019entraide prime,<\/p><p class=\"p1\">&#8211; Mettre en oeuvre l\u2019id\u00e9al scout pour construire un monde meilleur,<\/p><p class=\"p1\">&#8211; Continuer \u00e0 faire partie d\u2019un r\u00e9seau mondial<span class=\"s1\">. <\/span><\/p><p class=\"p1\"><strong>Tu es un ancien anim\u00e9, animateur ou parent de la 124 et tu aimerais <span class=\"s2\">rejoindre le r\u00e9seau IAmA<\/span>?<\/strong><\/p><p class=\"p3\"><a href=\"https:\/\/www.iama.lesscouts.be\/collect\/description\/259532-w-je-deviens-iama\">En savoir plus<\/a><\/p>\t\t\t\t\t\t\t\t<\/div>\n\t\t\t\t<\/div>\n\t\t\t\t\t<\/div>\n\t\t\t\t<\/div>\n\t\t\t\t<section class=\"elementor-section elementor-top-section elementor-element elementor-element-4df8c1a0 elementor-section-boxed elementor-section-height-default elementor-section-height-default wpr-particle-no wpr-jarallax-no wpr-parallax-no wpr-sticky-section-no jltma-glass-effect-no aafe-bg-parallax-no aafe-ml-parallax-no\" data-id=\"4df8c1a0\" data-element_type=\"section\" data-e-type=\"section\" data-settings=\"{&quot;background_background&quot;:&quot;classic&quot;}\">\n\t\t\t\t\t\t<div class=\"elementor-container elementor-column-gap-wide\">\n\t\t\t\t\t<div class=\"elementor-column elementor-col-25 elementor-top-column elementor-element elementor-element-304663e9 jltma-glass-effect-no\" data-id=\"304663e9\" data-element_type=\"column\" data-e-type=\"column\">\n\t\t\t<div class=\"elementor-widget-wrap elementor-element-populated\">\n\t\t\t\t\t\t<div class=\"elementor-element elementor-element-61e9474c elementor-widget__width-initial jltma-glass-effect-no elementor-widget elementor-widget-image\" data-id=\"61e9474c\" data-element_type=\"widget\" data-e-type=\"widget\" data-widget_type=\"image.default\">\n\t\t\t\t<div class=\"elementor-widget-container\">\n\t\t\t\t\t\t\t\t\t\t\t\t\t\t\t\t<a href=\"https:\/\/unite124.be\/\">\n\t\t\t\t\t\t\t<img decoding=\"async\" width=\"200\" height=\"189\" src=\"https:\/\/unite124.be\/wp-content\/uploads\/2025\/05\/unite-logo-White_footer.png\" class=\"attachment-medium size-medium wp-image-1738\" alt=\"\" srcset=\"https:\/\/unite124.be\/wp-content\/uploads\/2025\/05\/unite-logo-White_footer.png 200w, https:\/\/unite124.be\/wp-content\/uploads\/2025\/05\/elementor\/thumbs\/unite-logo-White_footer-r56itwkm77oi143uofazdqx273lov8bq527kumgmnq.png 100w\" sizes=\"(max-width: 200px) 100vw, 200px\" \/>\t\t\t\t\t\t\t\t<\/a>\n\t\t\t\t\t\t\t\t\t\t\t\t\t\t\t<\/div>\n\t\t\t\t<\/div>\n\t\t\t\t\t<\/div>\n\t\t<\/div>\n\t\t\t\t<div class=\"elementor-column elementor-col-25 elementor-top-column elementor-element elementor-element-2e02ad82 jltma-glass-effect-no\" data-id=\"2e02ad82\" data-element_type=\"column\" data-e-type=\"column\">\n\t\t\t<div class=\"elementor-widget-wrap elementor-element-populated\">\n\t\t\t\t\t\t<div class=\"elementor-element elementor-element-108e3940 elementor-widget-tablet__width-inherit jltma-glass-effect-no elementor-widget elementor-widget-heading\" data-id=\"108e3940\" data-element_type=\"widget\" data-e-type=\"widget\" data-widget_type=\"heading.default\">\n\t\t\t\t<div class=\"elementor-widget-container\">\n\t\t\t\t\t<h4 class=\"elementor-heading-title elementor-size-default\">UNITE 124<\/h4>\t\t\t\t<\/div>\n\t\t\t\t<\/div>\n\t\t\t\t<div class=\"elementor-element elementor-element-310bc5b3 elementor-widget-tablet__width-inherit jltma-glass-effect-no elementor-widget elementor-widget-text-editor\" data-id=\"310bc5b3\" data-element_type=\"widget\" data-e-type=\"widget\" data-widget_type=\"text-editor.default\">\n\t\t\t\t<div class=\"elementor-widget-container\">\n\t\t\t\t\t\t\t\t\t<p>rue de l&rsquo;\u00e9lan, 44<br \/>1170 Watermael Boitsfort<br \/><span style=\"text-decoration: underline;\"><a href=\"mailto:unitescoute124@gmail.com\">unitescoute124@gmail.com<\/a><\/span><\/p>\t\t\t\t\t\t\t\t<\/div>\n\t\t\t\t<\/div>\n\t\t\t\t<div class=\"elementor-element elementor-element-63d1e827 jltma-glass-effect-no elementor-widget elementor-widget-heading\" data-id=\"63d1e827\" data-element_type=\"widget\" data-e-type=\"widget\" data-widget_type=\"heading.default\">\n\t\t\t\t<div class=\"elementor-widget-container\">\n\t\t\t\t\t<h4 class=\"elementor-heading-title elementor-size-default\">Membre de la f\u00e9d\u00e9ration :<\/h4>\t\t\t\t<\/div>\n\t\t\t\t<\/div>\n\t\t\t\t<div class=\"elementor-element elementor-element-48e3c8bd elementor-widget__width-initial elementor-widget-tablet__width-inherit jltma-glass-effect-no elementor-widget elementor-widget-image\" data-id=\"48e3c8bd\" data-element_type=\"widget\" data-e-type=\"widget\" data-widget_type=\"image.default\">\n\t\t\t\t<div class=\"elementor-widget-container\">\n\t\t\t\t\t\t\t\t\t\t\t\t\t\t\t\t<a href=\"https:\/\/lesscouts.be\/fr\" target=\"_blank\">\n\t\t\t\t\t\t\t<img decoding=\"async\" width=\"159\" height=\"61\" src=\"https:\/\/unite124.be\/wp-content\/uploads\/2025\/05\/logo-footer.png\" class=\"attachment-large size-large wp-image-2658\" alt=\"\" \/>\t\t\t\t\t\t\t\t<\/a>\n\t\t\t\t\t\t\t\t\t\t\t\t\t\t\t<\/div>\n\t\t\t\t<\/div>\n\t\t\t\t\t<\/div>\n\t\t<\/div>\n\t\t\t\t<div class=\"elementor-column elementor-col-25 elementor-top-column elementor-element elementor-element-7e512ffa jltma-glass-effect-no\" data-id=\"7e512ffa\" data-element_type=\"column\" data-e-type=\"column\">\n\t\t\t<div class=\"elementor-widget-wrap elementor-element-populated\">\n\t\t\t\t\t\t<div class=\"elementor-element elementor-element-4f081352 jltma-glass-effect-no elementor-widget elementor-widget-heading\" data-id=\"4f081352\" data-element_type=\"widget\" data-e-type=\"widget\" data-widget_type=\"heading.default\">\n\t\t\t\t<div class=\"elementor-widget-container\">\n\t\t\t\t\t<h2 class=\"elementor-heading-title elementor-size-default\">Nous connaitre\n<\/h2>\t\t\t\t<\/div>\n\t\t\t\t<\/div>\n\t\t\t\t<div class=\"elementor-element elementor-element-733c3073 jltma-glass-effect-no elementor-widget elementor-widget-text-editor\" data-id=\"733c3073\" data-element_type=\"widget\" data-e-type=\"widget\" data-widget_type=\"text-editor.default\">\n\t\t\t\t<div class=\"elementor-widget-container\">\n\t\t\t\t\t\t\t\t\t<p><a href=\"https:\/\/unite124.be\/\">&gt; Accueil<\/a><br \/><a href=\"https:\/\/unite124.be\/index.php\/unite\/\">&gt; L&rsquo;unit\u00e9<\/a><br \/><a href=\"https:\/\/unite124.be\/index.php\/sections\/\">&gt; Sections<\/a><br \/><a href=\"https:\/\/unite124.be\/index.php\/agenda\/\">&gt; Agenda<\/a><br \/><a href=\"https:\/\/unite124.be\/index.php\/contact\/\">&gt; Contact<\/a><\/p>\t\t\t\t\t\t\t\t<\/div>\n\t\t\t\t<\/div>\n\t\t\t\t\t<\/div>\n\t\t<\/div>\n\t\t\t\t<div class=\"elementor-column elementor-col-25 elementor-top-column elementor-element elementor-element-3f9079bb jltma-glass-effect-no\" data-id=\"3f9079bb\" data-element_type=\"column\" data-e-type=\"column\">\n\t\t\t<div class=\"elementor-widget-wrap elementor-element-populated\">\n\t\t\t\t\t\t<div class=\"elementor-element elementor-element-7e037e1 jltma-glass-effect-no elementor-widget elementor-widget-heading\" data-id=\"7e037e1\" data-element_type=\"widget\" data-e-type=\"widget\" data-widget_type=\"heading.default\">\n\t\t\t\t<div class=\"elementor-widget-container\">\n\t\t\t\t\t<h2 class=\"elementor-heading-title elementor-size-default\">\nS'informer<\/h2>\t\t\t\t<\/div>\n\t\t\t\t<\/div>\n\t\t\t\t<div class=\"elementor-element elementor-element-19c1dd72 jltma-glass-effect-no elementor-widget elementor-widget-text-editor\" data-id=\"19c1dd72\" data-element_type=\"widget\" data-e-type=\"widget\" data-widget_type=\"text-editor.default\">\n\t\t\t\t<div class=\"elementor-widget-container\">\n\t\t\t\t\t\t\t\t\t<p><a href=\"https:\/\/unite124.be\/index.php\/inscriptions\/\">&gt; Inscriptions<\/a><br \/><a href=\"https:\/\/unite124.be\/index.php\/uniforme\/\">&gt; Uniformes<\/a><br \/><a href=\"https:\/\/unite124.be\/index.php\/ressources\/\">&gt; Ressources<\/a><br \/><a href=\"https:\/\/unite124.be\/index.php\/respect-de-la-vie-privee\/\">&gt; Respect de la vie priv\u00e9e<\/a><br \/><a href=\"https:\/\/unite124.be\/index.php\/parents-aidants\/\">&gt; Parents aidants\u200b<\/a><br \/><a href=\"https:\/\/unite124.be\/index.php\/anciens-et-amis-iama\/\">&gt; IAmA<\/a><\/p>\t\t\t\t\t\t\t\t<\/div>\n\t\t\t\t<\/div>\n\t\t\t\t\t<\/div>\n\t\t<\/div>\n\t\t\t\t\t<\/div>\n\t\t<\/section>\n\t\t\t\t<\/div>\n\t\t","protected":false},"excerpt":{"rendered":"<p>Anciens et Amis (IAmA) IAmA est le r\u00e9seau des anciens et amis des scouts Baden Powell de Belgique. Etre IAmA, c\u2019est: &#8211;<\/p>\n","protected":false},"author":1,"featured_media":0,"parent":0,"menu_order":0,"comment_status":"closed","ping_status":"closed","template":"page-templates\/page_front-page.php","meta":{"footnotes":""},"class_list":["post-2534","page","type-page","status-publish","hentry"],"_links":{"self":[{"href":"https:\/\/unite124.be\/index.php\/wp-json\/wp\/v2\/pages\/2534","targetHints":{"allow":["GET"]}}],"collection":[{"href":"https:\/\/unite124.be\/index.php\/wp-json\/wp\/v2\/pages"}],"about":[{"href":"https:\/\/unite124.be\/index.php\/wp-json\/wp\/v2\/types\/page"}],"author":[{"embeddable":true,"href":"https:\/\/unite124.be\/index.php\/wp-json\/wp\/v2\/users\/1"}],"replies":[{"embeddable":true,"href":"https:\/\/unite124.be\/index.php\/wp-json\/wp\/v2\/comments?post=2534"}],"version-history":[{"count":13,"href":"https:\/\/unite124.be\/index.php\/wp-json\/wp\/v2\/pages\/2534\/revisions"}],"predecessor-version":[{"id":2934,"href":"https:\/\/unite124.be\/index.php\/wp-json\/wp\/v2\/pages\/2534\/revisions\/2934"}],"wp:attachment":[{"href":"https:\/\/unite124.be\/index.php\/wp-json\/wp\/v2\/media?parent=2534"}],"curies":[{"name":"wp","href":"https:\/\/api.w.org\/{rel}","templated":true}]}}