{"id":2542,"date":"2025-05-19T22:47:43","date_gmt":"2025-05-19T20:47:43","guid":{"rendered":"https:\/\/unite124.be\/?page_id=2542"},"modified":"2025-05-26T20:45:16","modified_gmt":"2025-05-26T18:45:16","slug":"ressources","status":"publish","type":"page","link":"https:\/\/unite124.be\/index.php\/ressources\/","title":{"rendered":"Ressources"},"content":{"rendered":"\t\t<div data-elementor-type=\"wp-page\" data-elementor-id=\"2542\" class=\"elementor elementor-2542\">\n\t\t\t\t\t\t<section class=\"wpr-jarallax elementor-section elementor-top-section elementor-element elementor-element-1f2125ab wpr-jarallax-yes aafe-bg-parallax-yes elementor-section-boxed elementor-section-height-default elementor-section-height-default wpr-particle-no jltma-glass-effect-no aafe-ml-parallax-no\" speed-data=\"1.4\" bg-image=\"\" scroll-effect=\"scroll\" data-parallax-speed=\"0.5\" data-parallax-disable-mobile=\"no\" data-id=\"1f2125ab\" data-element_type=\"section\" data-e-type=\"section\" data-settings=\"{&quot;background_background&quot;:&quot;classic&quot;}\">\n\t\t\t\t\t\t\t<div class=\"elementor-background-overlay\"><\/div>\n\t\t\t\t\t\t\t<div class=\"elementor-container elementor-column-gap-default\">\n\t\t\t\t\t<div class=\"elementor-column elementor-col-100 elementor-top-column elementor-element elementor-element-6daecf58 jltma-glass-effect-no\" data-id=\"6daecf58\" data-element_type=\"column\" data-e-type=\"column\">\n\t\t\t<div class=\"elementor-widget-wrap elementor-element-populated\">\n\t\t\t\t\t\t<div class=\"elementor-element elementor-element-6092a96a jltma-glass-effect-no elementor-widget elementor-widget-heading\" data-id=\"6092a96a\" data-element_type=\"widget\" data-e-type=\"widget\" data-widget_type=\"heading.default\">\n\t\t\t\t<div class=\"elementor-widget-container\">\n\t\t\t\t\t<h2 class=\"elementor-heading-title elementor-size-default\">Ressources<\/h2>\t\t\t\t<\/div>\n\t\t\t\t<\/div>\n\t\t\t\t\t<\/div>\n\t\t<\/div>\n\t\t\t\t\t<\/div>\n\t\t<\/section>\n\t\t<div class=\"elementor-element elementor-element-eb4d66a e-flex e-con-boxed jltma-glass-effect-no wpr-particle-no wpr-jarallax-no wpr-parallax-no wpr-sticky-section-no aafe-bg-parallax-no aafe-ml-parallax-no e-con e-parent\" data-id=\"eb4d66a\" data-element_type=\"container\" data-e-type=\"container\" data-settings=\"{&quot;background_background&quot;:&quot;classic&quot;}\">\n\t\t\t\t\t<div class=\"e-con-inner\">\n\t\t\t\t<div class=\"elementor-element elementor-element-fe6b88a jltma-glass-effect-no elementor-widget elementor-widget-heading\" data-id=\"fe6b88a\" data-element_type=\"widget\" data-e-type=\"widget\" data-widget_type=\"heading.default\">\n\t\t\t\t<div class=\"elementor-widget-container\">\n\t\t\t\t\t<h2 class=\"elementor-heading-title elementor-size-default\">Formulaires \u00e0 t\u00e9l\u00e9charger<\/h2>\t\t\t\t<\/div>\n\t\t\t\t<\/div>\n\t\t\t\t<div class=\"elementor-element elementor-element-87d9bc9 jltma-glass-effect-no elementor-widget elementor-widget-text-editor\" data-id=\"87d9bc9\" data-element_type=\"widget\" data-e-type=\"widget\" data-widget_type=\"text-editor.default\">\n\t\t\t\t<div class=\"elementor-widget-container\">\n\t\t\t\t\t\t\t\t\t<p class=\"p1\">Formulaires \u00e0 remplir et \u00e0 renvoyer par email ou en mains propres aux animateurs de section<\/p><p class=\"p3\">\u25cf Fiche de sant\u00e9 individuelle: pour tous les anim\u00e9s<\/p><p class=\"p3\">\u25cf Autorisation de publication de photos ou vid\u00e9os: pour tous les anim\u00e9s<\/p><p class=\"p3\">\u25cf Autorisation parentale: pour tous les anim\u00e9s<\/p><p class=\"p3\">\u25cf Mod\u00e8le de prescription m\u00e9dicale: document compl\u00e9mentaire \u00e0 la fiche de sant\u00e9, en cas de prise de m\u00e9dicament<\/p><p class=\"p3\">\u25cf Autorisation parentale-prise de m\u00e9dicaments: document compl\u00e9mentaire \u00e0 la fiche de sant\u00e9, en cas de prise de m\u00e9dicament<\/p>\t\t\t\t\t\t\t\t<\/div>\n\t\t\t\t<\/div>\n\t\t\t\t<div class=\"elementor-element elementor-element-f09df8b jltma-glass-effect-no elementor-widget elementor-widget-button\" data-id=\"f09df8b\" data-element_type=\"widget\" data-e-type=\"widget\" data-widget_type=\"button.default\">\n\t\t\t\t<div class=\"elementor-widget-container\">\n\t\t\t\t\t\t\t\t\t<div class=\"elementor-button-wrapper\">\n\t\t\t\t\t<a class=\"elementor-button elementor-button-link elementor-size-sm\" href=\"https:\/\/lesscouts.be\/\/download-file\/9855\" target=\"_blank\">\n\t\t\t\t\t\t<span class=\"elementor-button-content-wrapper\">\n\t\t\t\t\t\t\t\t\t<span class=\"elementor-button-text\">T\u00e9l\u00e9charger les formulaires<\/span>\n\t\t\t\t\t<\/span>\n\t\t\t\t\t<\/a>\n\t\t\t\t<\/div>\n\t\t\t\t\t\t\t\t<\/div>\n\t\t\t\t<\/div>\n\t\t\t\t\t<\/div>\n\t\t\t\t<\/div>\n\t\t\t\t<section class=\"elementor-section elementor-top-section elementor-element elementor-element-437310c1 elementor-section-content-middle elementor-section-boxed elementor-section-height-default elementor-section-height-default wpr-particle-no wpr-jarallax-no wpr-parallax-no wpr-sticky-section-no jltma-glass-effect-no aafe-bg-parallax-no aafe-ml-parallax-no\" data-id=\"437310c1\" data-element_type=\"section\" data-e-type=\"section\" data-settings=\"{&quot;background_background&quot;:&quot;classic&quot;}\">\n\t\t\t\t\t\t<div class=\"elementor-container elementor-column-gap-default\">\n\t\t\t\t\t<div class=\"elementor-column elementor-col-50 elementor-top-column elementor-element elementor-element-1f9110f9 jltma-glass-effect-no\" data-id=\"1f9110f9\" data-element_type=\"column\" data-e-type=\"column\" data-settings=\"{&quot;background_background&quot;:&quot;classic&quot;}\">\n\t\t\t<div class=\"elementor-widget-wrap elementor-element-populated\">\n\t\t\t\t\t\t<div class=\"elementor-element elementor-element-6ba2e49a elementor-absolute elementor-hidden-mobile jltma-glass-effect-no elementor-widget elementor-widget-image\" data-id=\"6ba2e49a\" data-element_type=\"widget\" data-e-type=\"widget\" data-settings=\"{&quot;_position&quot;:&quot;absolute&quot;}\" data-widget_type=\"image.default\">\n\t\t\t\t<div class=\"elementor-widget-container\">\n\t\t\t\t\t\t\t\t\t\t\t\t\t\t\t<img fetchpriority=\"high\" decoding=\"async\" width=\"295\" height=\"273\" src=\"https:\/\/unite124.be\/wp-content\/uploads\/2025\/05\/topping-white.c6b96c00.png\" class=\"attachment-large size-large wp-image-1919\" alt=\"\" srcset=\"https:\/\/unite124.be\/wp-content\/uploads\/2025\/05\/topping-white.c6b96c00.png 295w, https:\/\/unite124.be\/wp-content\/uploads\/2025\/05\/topping-white.c6b96c00-230x213.png 230w\" sizes=\"(max-width: 295px) 100vw, 295px\" \/>\t\t\t\t\t\t\t\t\t\t\t\t\t\t\t<\/div>\n\t\t\t\t<\/div>\n\t\t\t\t\t<\/div>\n\t\t<\/div>\n\t\t\t\t<div class=\"elementor-column elementor-col-50 elementor-top-column elementor-element elementor-element-518524a9 jltma-glass-effect-no\" data-id=\"518524a9\" data-element_type=\"column\" data-e-type=\"column\">\n\t\t\t<div class=\"elementor-widget-wrap elementor-element-populated\">\n\t\t\t\t\t\t<div class=\"elementor-element elementor-element-6cc8edd7 jltma-glass-effect-no elementor-widget elementor-widget-heading\" data-id=\"6cc8edd7\" data-element_type=\"widget\" data-e-type=\"widget\" data-widget_type=\"heading.default\">\n\t\t\t\t<div class=\"elementor-widget-container\">\n\t\t\t\t\t<h2 class=\"elementor-heading-title elementor-size-default\">Toi aussi, tu veux scouter avec nous ?<\/h2>\t\t\t\t<\/div>\n\t\t\t\t<\/div>\n\t\t\t\t<div class=\"elementor-element elementor-element-260a2e8b elementor-align-right elementor-mobile-align-center jltma-glass-effect-no elementor-widget elementor-widget-button\" data-id=\"260a2e8b\" data-element_type=\"widget\" data-e-type=\"widget\" data-widget_type=\"button.default\">\n\t\t\t\t<div class=\"elementor-widget-container\">\n\t\t\t\t\t\t\t\t\t<div class=\"elementor-button-wrapper\">\n\t\t\t\t\t<a class=\"elementor-button elementor-button-link elementor-size-sm\" href=\"https:\/\/unite124.be\/index.php\/contact\/\">\n\t\t\t\t\t\t<span class=\"elementor-button-content-wrapper\">\n\t\t\t\t\t\t\t\t\t<span class=\"elementor-button-text\">Rejoins-nous &gt;<\/span>\n\t\t\t\t\t<\/span>\n\t\t\t\t\t<\/a>\n\t\t\t\t<\/div>\n\t\t\t\t\t\t\t\t<\/div>\n\t\t\t\t<\/div>\n\t\t\t\t\t<\/div>\n\t\t<\/div>\n\t\t\t\t\t<\/div>\n\t\t<\/section>\n\t\t\t\t<section class=\"elementor-section elementor-top-section elementor-element elementor-element-2fd5d3d2 elementor-section-boxed elementor-section-height-default elementor-section-height-default wpr-particle-no wpr-jarallax-no wpr-parallax-no wpr-sticky-section-no jltma-glass-effect-no aafe-bg-parallax-no aafe-ml-parallax-no\" data-id=\"2fd5d3d2\" data-element_type=\"section\" data-e-type=\"section\" data-settings=\"{&quot;background_background&quot;:&quot;classic&quot;}\">\n\t\t\t\t\t\t<div class=\"elementor-container elementor-column-gap-wide\">\n\t\t\t\t\t<div class=\"elementor-column elementor-col-25 elementor-top-column elementor-element elementor-element-55687da0 jltma-glass-effect-no\" data-id=\"55687da0\" data-element_type=\"column\" data-e-type=\"column\">\n\t\t\t<div class=\"elementor-widget-wrap elementor-element-populated\">\n\t\t\t\t\t\t<div class=\"elementor-element elementor-element-2b68ab89 elementor-widget__width-initial jltma-glass-effect-no elementor-widget elementor-widget-image\" data-id=\"2b68ab89\" data-element_type=\"widget\" data-e-type=\"widget\" data-widget_type=\"image.default\">\n\t\t\t\t<div class=\"elementor-widget-container\">\n\t\t\t\t\t\t\t\t\t\t\t\t\t\t\t\t<a href=\"https:\/\/unite124.be\/\">\n\t\t\t\t\t\t\t<img decoding=\"async\" width=\"200\" height=\"189\" src=\"https:\/\/unite124.be\/wp-content\/uploads\/2025\/05\/unite-logo-White_footer.png\" class=\"attachment-medium size-medium wp-image-1738\" alt=\"\" srcset=\"https:\/\/unite124.be\/wp-content\/uploads\/2025\/05\/unite-logo-White_footer.png 200w, https:\/\/unite124.be\/wp-content\/uploads\/2025\/05\/elementor\/thumbs\/unite-logo-White_footer-r56itwkm77oi143uofazdqx273lov8bq527kumgmnq.png 100w\" sizes=\"(max-width: 200px) 100vw, 200px\" \/>\t\t\t\t\t\t\t\t<\/a>\n\t\t\t\t\t\t\t\t\t\t\t\t\t\t\t<\/div>\n\t\t\t\t<\/div>\n\t\t\t\t\t<\/div>\n\t\t<\/div>\n\t\t\t\t<div class=\"elementor-column elementor-col-25 elementor-top-column elementor-element elementor-element-34d540e7 jltma-glass-effect-no\" data-id=\"34d540e7\" data-element_type=\"column\" data-e-type=\"column\">\n\t\t\t<div class=\"elementor-widget-wrap elementor-element-populated\">\n\t\t\t\t\t\t<div class=\"elementor-element elementor-element-2dd7c284 elementor-widget-tablet__width-inherit jltma-glass-effect-no elementor-widget elementor-widget-heading\" data-id=\"2dd7c284\" data-element_type=\"widget\" data-e-type=\"widget\" data-widget_type=\"heading.default\">\n\t\t\t\t<div class=\"elementor-widget-container\">\n\t\t\t\t\t<h4 class=\"elementor-heading-title elementor-size-default\">UNITE 124<\/h4>\t\t\t\t<\/div>\n\t\t\t\t<\/div>\n\t\t\t\t<div class=\"elementor-element elementor-element-55c1c0b0 elementor-widget-tablet__width-inherit jltma-glass-effect-no elementor-widget elementor-widget-text-editor\" data-id=\"55c1c0b0\" data-element_type=\"widget\" data-e-type=\"widget\" data-widget_type=\"text-editor.default\">\n\t\t\t\t<div class=\"elementor-widget-container\">\n\t\t\t\t\t\t\t\t\t<p>rue de l&rsquo;\u00e9lan, 44<br \/>1170 Watermael Boitsfort<br \/><span style=\"text-decoration: underline;\"><a href=\"mailto:unitescoute124@gmail.com\">unitescoute124@gmail.com<\/a><\/span><\/p>\t\t\t\t\t\t\t\t<\/div>\n\t\t\t\t<\/div>\n\t\t\t\t<div class=\"elementor-element elementor-element-78440302 jltma-glass-effect-no elementor-widget elementor-widget-heading\" data-id=\"78440302\" data-element_type=\"widget\" data-e-type=\"widget\" data-widget_type=\"heading.default\">\n\t\t\t\t<div class=\"elementor-widget-container\">\n\t\t\t\t\t<h4 class=\"elementor-heading-title elementor-size-default\">Membre de la f\u00e9d\u00e9ration :<\/h4>\t\t\t\t<\/div>\n\t\t\t\t<\/div>\n\t\t\t\t<div class=\"elementor-element elementor-element-39a8cd9c elementor-widget__width-initial elementor-widget-tablet__width-inherit jltma-glass-effect-no elementor-widget elementor-widget-image\" data-id=\"39a8cd9c\" data-element_type=\"widget\" data-e-type=\"widget\" data-widget_type=\"image.default\">\n\t\t\t\t<div class=\"elementor-widget-container\">\n\t\t\t\t\t\t\t\t\t\t\t\t\t\t\t\t<a href=\"https:\/\/lesscouts.be\/fr\" target=\"_blank\">\n\t\t\t\t\t\t\t<img decoding=\"async\" width=\"159\" height=\"61\" src=\"https:\/\/unite124.be\/wp-content\/uploads\/2025\/05\/logo-footer.png\" class=\"attachment-large size-large wp-image-2658\" alt=\"\" \/>\t\t\t\t\t\t\t\t<\/a>\n\t\t\t\t\t\t\t\t\t\t\t\t\t\t\t<\/div>\n\t\t\t\t<\/div>\n\t\t\t\t\t<\/div>\n\t\t<\/div>\n\t\t\t\t<div class=\"elementor-column elementor-col-25 elementor-top-column elementor-element elementor-element-1528f9bd jltma-glass-effect-no\" data-id=\"1528f9bd\" data-element_type=\"column\" data-e-type=\"column\">\n\t\t\t<div class=\"elementor-widget-wrap elementor-element-populated\">\n\t\t\t\t\t\t<div class=\"elementor-element elementor-element-f337b6f jltma-glass-effect-no elementor-widget elementor-widget-heading\" data-id=\"f337b6f\" data-element_type=\"widget\" data-e-type=\"widget\" data-widget_type=\"heading.default\">\n\t\t\t\t<div class=\"elementor-widget-container\">\n\t\t\t\t\t<h2 class=\"elementor-heading-title elementor-size-default\">Nous connaitre\n<\/h2>\t\t\t\t<\/div>\n\t\t\t\t<\/div>\n\t\t\t\t<div class=\"elementor-element elementor-element-1fe9d29b jltma-glass-effect-no elementor-widget elementor-widget-text-editor\" data-id=\"1fe9d29b\" data-element_type=\"widget\" data-e-type=\"widget\" data-widget_type=\"text-editor.default\">\n\t\t\t\t<div class=\"elementor-widget-container\">\n\t\t\t\t\t\t\t\t\t<p><a href=\"https:\/\/unite124.be\/\">&gt; Accueil<\/a><br \/><a href=\"https:\/\/unite124.be\/index.php\/unite\/\">&gt; L&rsquo;unit\u00e9<\/a><br \/><a href=\"https:\/\/unite124.be\/index.php\/sections\/\">&gt; Sections<\/a><br \/><a href=\"https:\/\/unite124.be\/index.php\/agenda\/\">&gt; Agenda<\/a><br \/><a href=\"https:\/\/unite124.be\/index.php\/contact\/\">&gt; Contact<\/a><\/p>\t\t\t\t\t\t\t\t<\/div>\n\t\t\t\t<\/div>\n\t\t\t\t\t<\/div>\n\t\t<\/div>\n\t\t\t\t<div class=\"elementor-column elementor-col-25 elementor-top-column elementor-element elementor-element-5805086f jltma-glass-effect-no\" data-id=\"5805086f\" data-element_type=\"column\" data-e-type=\"column\">\n\t\t\t<div class=\"elementor-widget-wrap elementor-element-populated\">\n\t\t\t\t\t\t<div class=\"elementor-element elementor-element-9bc9089 jltma-glass-effect-no elementor-widget elementor-widget-heading\" data-id=\"9bc9089\" data-element_type=\"widget\" data-e-type=\"widget\" data-widget_type=\"heading.default\">\n\t\t\t\t<div class=\"elementor-widget-container\">\n\t\t\t\t\t<h2 class=\"elementor-heading-title elementor-size-default\">\nS'informer<\/h2>\t\t\t\t<\/div>\n\t\t\t\t<\/div>\n\t\t\t\t<div class=\"elementor-element elementor-element-edb9d57 jltma-glass-effect-no elementor-widget elementor-widget-text-editor\" data-id=\"edb9d57\" data-element_type=\"widget\" data-e-type=\"widget\" data-widget_type=\"text-editor.default\">\n\t\t\t\t<div class=\"elementor-widget-container\">\n\t\t\t\t\t\t\t\t\t<p><a href=\"https:\/\/unite124.be\/index.php\/inscriptions\/\">&gt; Inscriptions<\/a><br \/><a href=\"https:\/\/unite124.be\/index.php\/uniforme\/\">&gt; Uniformes<\/a><br \/><a href=\"https:\/\/unite124.be\/index.php\/ressources\/\">&gt; Ressources<\/a><br \/><a href=\"https:\/\/unite124.be\/index.php\/respect-de-la-vie-privee\/\">&gt; Respect de la vie priv\u00e9e<\/a><br \/><a href=\"https:\/\/unite124.be\/index.php\/parents-aidants\/\">&gt; Parents aidants\u200b<\/a><br \/><a href=\"https:\/\/unite124.be\/index.php\/anciens-et-amis-iama\/\">&gt; IAmA<\/a><\/p>\t\t\t\t\t\t\t\t<\/div>\n\t\t\t\t<\/div>\n\t\t\t\t\t<\/div>\n\t\t<\/div>\n\t\t\t\t\t<\/div>\n\t\t<\/section>\n\t\t\t\t<\/div>\n\t\t","protected":false},"excerpt":{"rendered":"<p>Ressources Formulaires \u00e0 t\u00e9l\u00e9charger Formulaires \u00e0 remplir et \u00e0 renvoyer par email ou en mains propres aux animateurs de section \u25cf Fiche<\/p>\n","protected":false},"author":1,"featured_media":0,"parent":0,"menu_order":0,"comment_status":"closed","ping_status":"closed","template":"page-templates\/page_front-page.php","meta":{"footnotes":""},"class_list":["post-2542","page","type-page","status-publish","hentry"],"_links":{"self":[{"href":"https:\/\/unite124.be\/index.php\/wp-json\/wp\/v2\/pages\/2542","targetHints":{"allow":["GET"]}}],"collection":[{"href":"https:\/\/unite124.be\/index.php\/wp-json\/wp\/v2\/pages"}],"about":[{"href":"https:\/\/unite124.be\/index.php\/wp-json\/wp\/v2\/types\/page"}],"author":[{"embeddable":true,"href":"https:\/\/unite124.be\/index.php\/wp-json\/wp\/v2\/users\/1"}],"replies":[{"embeddable":true,"href":"https:\/\/unite124.be\/index.php\/wp-json\/wp\/v2\/comments?post=2542"}],"version-history":[{"count":26,"href":"https:\/\/unite124.be\/index.php\/wp-json\/wp\/v2\/pages\/2542\/revisions"}],"predecessor-version":[{"id":2928,"href":"https:\/\/unite124.be\/index.php\/wp-json\/wp\/v2\/pages\/2542\/revisions\/2928"}],"wp:attachment":[{"href":"https:\/\/unite124.be\/index.php\/wp-json\/wp\/v2\/media?parent=2542"}],"curies":[{"name":"wp","href":"https:\/\/api.w.org\/{rel}","templated":true}]}}