{"id":2555,"date":"2025-05-19T23:26:22","date_gmt":"2025-05-19T21:26:22","guid":{"rendered":"https:\/\/unite124.be\/?page_id=2555"},"modified":"2026-03-22T19:56:52","modified_gmt":"2026-03-22T18:56:52","slug":"inscriptions","status":"publish","type":"page","link":"https:\/\/unite124.be\/index.php\/inscriptions\/","title":{"rendered":"Inscriptions"},"content":{"rendered":"\t\t<div data-elementor-type=\"wp-page\" data-elementor-id=\"2555\" class=\"elementor elementor-2555\">\n\t\t\t\t\t\t<section class=\"wpr-jarallax elementor-section elementor-top-section elementor-element elementor-element-1f2125ab wpr-jarallax-yes aafe-bg-parallax-yes elementor-section-boxed elementor-section-height-default elementor-section-height-default wpr-particle-no jltma-glass-effect-no wpr-equal-height-no aafe-ml-parallax-no\" speed-data=\"1.4\" bg-image=\"\" bg-image-mobile=\"\" scroll-effect=\"scroll\" data-parallax-speed=\"0.5\" data-parallax-disable-mobile=\"no\" data-id=\"1f2125ab\" data-element_type=\"section\" data-e-type=\"section\" data-settings=\"{&quot;background_background&quot;:&quot;classic&quot;}\">\n\t\t\t\t\t\t\t<div class=\"elementor-background-overlay\"><\/div>\n\t\t\t\t\t\t\t<div class=\"elementor-container elementor-column-gap-default\">\n\t\t\t\t\t<div class=\"elementor-column elementor-col-100 elementor-top-column elementor-element elementor-element-6daecf58 jltma-glass-effect-no\" data-id=\"6daecf58\" data-element_type=\"column\" data-e-type=\"column\">\n\t\t\t<div class=\"elementor-widget-wrap elementor-element-populated\">\n\t\t\t\t\t\t<div class=\"elementor-element elementor-element-6092a96a jltma-glass-effect-no elementor-widget elementor-widget-heading\" data-id=\"6092a96a\" data-element_type=\"widget\" data-e-type=\"widget\" data-widget_type=\"heading.default\">\n\t\t\t\t<div class=\"elementor-widget-container\">\n\t\t\t\t\t<h2 class=\"elementor-heading-title elementor-size-default\">\nDemande d\u2019inscription\n<\/h2>\t\t\t\t<\/div>\n\t\t\t\t<\/div>\n\t\t\t\t\t<\/div>\n\t\t<\/div>\n\t\t\t\t\t<\/div>\n\t\t<\/section>\n\t\t<div class=\"elementor-element elementor-element-0e150dc e-flex e-con-boxed jltma-glass-effect-no wpr-particle-no wpr-jarallax-no wpr-parallax-no wpr-sticky-section-no wpr-equal-height-no aafe-bg-parallax-no aafe-ml-parallax-no e-con e-parent\" data-id=\"0e150dc\" data-element_type=\"container\" data-e-type=\"container\">\n\t\t\t\t\t<div class=\"e-con-inner\">\n\t\t\t\t<div class=\"elementor-element elementor-element-9f9a699 jltma-glass-effect-no elementor-widget elementor-widget-heading\" data-id=\"9f9a699\" data-element_type=\"widget\" data-e-type=\"widget\" data-widget_type=\"heading.default\">\n\t\t\t\t<div class=\"elementor-widget-container\">\n\t\t\t\t\t<h2 class=\"elementor-heading-title elementor-size-default\">Inscriptions et r\u00e9inscriptions pour l\u2019ann\u00e9e scoute 2026-2027\n<\/h2>\t\t\t\t<\/div>\n\t\t\t\t<\/div>\n\t\t\t\t<div class=\"elementor-element elementor-element-26e3307 jltma-glass-effect-no elementor-widget elementor-widget-text-editor\" data-id=\"26e3307\" data-element_type=\"widget\" data-e-type=\"widget\" data-widget_type=\"text-editor.default\">\n\t\t\t\t<div class=\"elementor-widget-container\">\n\t\t\t\t\t\t\t\t\t<p>Les inscriptions pour l&rsquo;ann\u00e9e 2026-2027 d\u00e9buteront en mai 2026. Les inscriptions se font via un formulaire en ligne \u00e0 remplir chaque ann\u00e9e (un formulaire par enfant) qui sera accessible sur notre site internet.<\/p><p>Une priorit\u00e9 dans les inscriptions sera accord\u00e9e aux scouts qui font d\u00e9j\u00e0 partie de l&rsquo;unit\u00e9 124 et \u00e0 leurs fr\u00e8res et soeurs. Les nouvelles inscriptions seront accept\u00e9es dans la limite des places disponibles.<\/p><p>Pour toute question, veuillez contacter le <a href=\"staffdu@unite124.be\">staff d&rsquo;unit\u00e9<\/a>.<\/p><p><strong>Composition des sections en 2026-2027:\u00a0<\/strong><\/p>\t\t\t\t\t\t\t\t<\/div>\n\t\t\t\t<\/div>\n\t\t\t\t<div class=\"elementor-element elementor-element-b07df69 aafe-table-highlight-row jltma-glass-effect-no elementor-widget elementor-widget-athemes-addons-table\" data-id=\"b07df69\" data-element_type=\"widget\" data-e-type=\"widget\" data-widget_type=\"athemes-addons-table.default\">\n\t\t\t\t<div class=\"elementor-widget-container\">\n\t\t\t\t\t\r\n\t\t<div class=\"athemes-addons-table\" >\r\n\t\t\t\t\t\t\t\t\t\t<div class=\"athemes-addons-table-wrapper\">\r\n\t\t\t\t<table>\r\n\t\t\t\t\t\t\t<thead class=\"aafe-table-header aafe-table-header-before\">\r\n\t\t\t<tr class=\"aafe-table-row aafe-table-header-row\">\r\n\t\t\t\t\t\t\t\t\t<th class=\"aafe-table-column\" colspan=\"1\">\r\n\t\t\t\t\t\t<span>\r\n\t\t\t\t\t\t\t\t\t\t\t\t Anim\u00e9s\t\t\t\t\t\t<\/span>\r\n\t\t\t\t\t<\/th>\r\n\t\t\t\t\t\t\t\t\t\t<th class=\"aafe-table-column\" colspan=\"1\">\r\n\t\t\t\t\t\t<span>\r\n\t\t\t\t\t\t\t\t\t\t\t\t Section\t\t\t\t\t\t<\/span>\r\n\t\t\t\t\t<\/th>\r\n\t\t\t\t\t\t\t\t\t\t<th class=\"aafe-table-column\" colspan=\"1\">\r\n\t\t\t\t\t\t<span>\r\n\t\t\t\t\t\t\t\t\t\t\t\tPour qui ?\t\t\t\t\t\t<\/span>\r\n\t\t\t\t\t<\/th>\r\n\t\t\t\t\t\t\t\t\t\t<th class=\"aafe-table-column\" colspan=\"1\">\r\n\t\t\t\t\t\t<span>\r\n\t\t\t\t\t\t\t\t\t\t\t\t Ann\u00e9e de naissance\t\t\t\t\t\t<\/span>\r\n\t\t\t\t\t<\/th>\r\n\t\t\t\t\t\t\t\t<\/tr>\r\n\t\t<\/thead>\r\n\t\t\t\t<tbody class=\"aafe-table-content\">\r\n\t\t\t\t\t\t\t\t<tr class=\"aafe-table-row\">\r\n\t\t\t\t\t\t\t\t\t\t<td class=\"aafe-table-cell elementor-repeater-item-b2364d6\" colspan=\"1\" rowspan=\"1\">\r\n\t\t\t\t\t\tBaladins\t\t\t\t\t<\/td>\r\n\t\t\t\t\t\t\t\t\t\t<td class=\"aafe-table-cell elementor-repeater-item-e1df549\" colspan=\"1\" rowspan=\"1\">\r\n\t\t\t\t\t\t Ribambelle des castors\t\t\t\t\t<\/td>\r\n\t\t\t\t\t\t\t\t\t\t<td class=\"aafe-table-cell elementor-repeater-item-0a6abcb\" colspan=\"1\" rowspan=\"1\">\r\n\t\t\t\t\t\t Mixte 6-8 ans\t\t\t\t\t<\/td>\r\n\t\t\t\t\t\t\t\t\t\t<td class=\"aafe-table-cell elementor-repeater-item-4e55654\" colspan=\"1\" rowspan=\"1\">\r\n\t\t\t\t\t\t2020-2019\t\t\t\t\t<\/td>\r\n\t\t\t\t\t\t\t\t\t\t\t<\/tr>\r\n\t\t\t\t\t\t\t\t\t\t\t<tr class=\"aafe-table-row\">\r\n\t\t\t\t\t\t\t\t\t\t<td class=\"aafe-table-cell elementor-repeater-item-6519829\" colspan=\"1\" rowspan=\"1\">\r\n\t\t\t\t\t\tLoups mixtes 1\t\t\t\t\t<\/td>\r\n\t\t\t\t\t\t\t\t\t\t<td class=\"aafe-table-cell elementor-repeater-item-f98aebf\" colspan=\"1\" rowspan=\"1\">\r\n\t\t\t\t\t\t Meute du peuple libre\t\t\t\t\t<\/td>\r\n\t\t\t\t\t\t\t\t\t\t<td class=\"aafe-table-cell elementor-repeater-item-2ceb676\" colspan=\"1\" rowspan=\"1\">\r\n\t\t\t\t\t\tMixte 8-12 ans\t\t\t\t\t<\/td>\r\n\t\t\t\t\t\t\t\t\t\t<td class=\"aafe-table-cell elementor-repeater-item-14eef78\" colspan=\"1\" rowspan=\"1\">\r\n\t\t\t\t\t\t2018-2017-2016-2015\t\t\t\t\t<\/td>\r\n\t\t\t\t\t\t\t\t\t\t\t<\/tr>\r\n\t\t\t\t\t\t\t\t\t\t\t<tr class=\"aafe-table-row\">\r\n\t\t\t\t\t\t\t\t\t\t<td class=\"aafe-table-cell elementor-repeater-item-aa25e51\" colspan=\"1\" rowspan=\"1\">\r\n\t\t\t\t\t\t Loups Mixtes 2\t\t\t\t\t<\/td>\r\n\t\t\t\t\t\t\t\t\t\t<td class=\"aafe-table-cell elementor-repeater-item-ccf49fa\" colspan=\"1\" rowspan=\"1\">\r\n\t\t\t\t\t\t Meute Seeonee\t\t\t\t\t<\/td>\r\n\t\t\t\t\t\t\t\t\t\t<td class=\"aafe-table-cell elementor-repeater-item-bdbe3db\" colspan=\"1\" rowspan=\"1\">\r\n\t\t\t\t\t\t Mixte 8-12 ans\t\t\t\t\t<\/td>\r\n\t\t\t\t\t\t\t\t\t\t<td class=\"aafe-table-cell elementor-repeater-item-bbae9e0\" colspan=\"1\" rowspan=\"1\">\r\n\t\t\t\t\t\t 2018-2017-2016-2015\t\t\t\t\t<\/td>\r\n\t\t\t\t\t\t\t\t\t\t\t<\/tr>\r\n\t\t\t\t\t\t\t\t\t\t\t<tr class=\"aafe-table-row\">\r\n\t\t\t\t\t\t\t\t\t\t<td class=\"aafe-table-cell elementor-repeater-item-032ca6e\" colspan=\"1\" rowspan=\"1\">\r\n\t\t\t\t\t\t Eclaireurs (scouts et guides)\t\t\t\t\t<\/td>\r\n\t\t\t\t\t\t\t\t\t\t<td class=\"aafe-table-cell elementor-repeater-item-bda4556\" colspan=\"1\" rowspan=\"1\">\r\n\t\t\t\t\t\t Troupe Go\u00ebland du Grand Veneur\t\t\t\t\t<\/td>\r\n\t\t\t\t\t\t\t\t\t\t<td class=\"aafe-table-cell elementor-repeater-item-ffd306d\" colspan=\"1\" rowspan=\"1\">\r\n\t\t\t\t\t\tMixte 12-16 ans\t\t\t\t\t<\/td>\r\n\t\t\t\t\t\t\t\t\t\t<td class=\"aafe-table-cell elementor-repeater-item-6833745\" colspan=\"1\" rowspan=\"1\">\r\n\t\t\t\t\t\t2014-2013-2012-2011\t\t\t\t\t<\/td>\r\n\t\t\t\t\t\t\t\t\t\t\t<\/tr>\r\n\t\t\t\t\t\t\t\t\t\t\t<tr class=\"aafe-table-row\">\r\n\t\t\t\t\t\t\t\t\t\t<td class=\"aafe-table-cell elementor-repeater-item-907e8d4\" colspan=\"1\" rowspan=\"1\">\r\n\t\t\t\t\t\t Pionniers\t\t\t\t\t<\/td>\r\n\t\t\t\t\t\t\t\t\t\t<td class=\"aafe-table-cell elementor-repeater-item-474be83\" colspan=\"1\" rowspan=\"1\">\r\n\t\t\t\t\t\t Poste V.I Pi\t\t\t\t\t<\/td>\r\n\t\t\t\t\t\t\t\t\t\t<td class=\"aafe-table-cell elementor-repeater-item-0ac9c9b\" colspan=\"1\" rowspan=\"1\">\r\n\t\t\t\t\t\t Mixte 16-18 ans\t\t\t\t\t<\/td>\r\n\t\t\t\t\t\t\t\t\t\t<td class=\"aafe-table-cell elementor-repeater-item-941883b\" colspan=\"1\" rowspan=\"1\">\r\n\t\t\t\t\t\t 2010-2009\t\t\t\t\t<\/td>\r\n\t\t\t\t\t\t\t\t<\/tr>\r\n\t\t<\/tbody>\r\n\t\t\t\t\t\t<\/table>\r\n\t\t\t\t<\/div>\r\n\t\t\t\t\t\t\t\t\r\n\t\t<\/div>\r\n\t\t\t\t\t\t<\/div>\n\t\t\t\t<\/div>\n\t\t\t\t<div class=\"elementor-element elementor-element-0e3ab75 jltma-glass-effect-no elementor-widget elementor-widget-heading\" data-id=\"0e3ab75\" data-element_type=\"widget\" data-e-type=\"widget\" data-widget_type=\"heading.default\">\n\t\t\t\t<div class=\"elementor-widget-container\">\n\t\t\t\t\t<h2 class=\"elementor-heading-title elementor-size-default\">Que devrez vous payer en temps que membre de l\u2019unit\u00e9 124?<\/h2>\t\t\t\t<\/div>\n\t\t\t\t<\/div>\n\t\t\t\t<div class=\"elementor-element elementor-element-0d7adf1 jltma-glass-effect-no elementor-widget elementor-widget-text-editor\" data-id=\"0d7adf1\" data-element_type=\"widget\" data-e-type=\"widget\" data-widget_type=\"text-editor.default\">\n\t\t\t\t<div class=\"elementor-widget-container\">\n\t\t\t\t\t\t\t\t\t<p><span style=\"font-weight: 400;\">L&rsquo;inscription n&rsquo;est effective qu&rsquo;\u00e0 partir du versement de la cotisation (ou d&rsquo;un accord du Tr\u00e9sorier)* qui couvre<\/span><span style=\"font-weight: 400;\"> l&rsquo;affiliation de votre enfant \u00e0 notre f\u00e9d\u00e9ration Les scouts asbl (assurance, frais de fonctionnement de la f\u00e9d\u00e9&#8230;), les frais li\u00e9s \u00e0 l&rsquo;entretien de notre local et de ses abords et les frais d&rsquo;affiliation de notre \u00e9quipe d&rsquo;encadrement ainsi que leurs formations.<\/span><\/p><p><span style=\"font-weight: 400;\">La cotisation est \u00e0 verser (en un seul virement par famille) sur le compte de l&rsquo;Unit\u00e9 124 <\/span><span style=\"font-weight: 400;\">BE72 0682 4613 6416 <\/span><span style=\"font-weight: 400;\">avant le 15 octobre 2025 avec la communication <strong>\u00ab\u00a0NOM DE FAMILLE + PRENOM ENFANT 1 + PRENOM ENFANT 2 + &#8230;\u00a0\u00bb<\/strong> :<\/span><\/p><p><strong>&#8211; 100\u20ac pour 1 enfant ;<br \/>&#8211; 80\u20ac par enfant \u00e0 partir de 2 enfants inscrits vivent sous le m\u00eame toit.<\/strong><\/p><p><span style=\"font-weight: 400;\">Par ailleurs, une participation aux frais de la section de votre enfant vous sera demand\u00e9e pendant l\u2019ann\u00e9e, \u00e0 payer \u00e0 la section dans laquelle est inscrit votre enfant et couvrant les activit\u00e9s de l&rsquo;ann\u00e9e (week-ends\/activit\u00e9s sp\u00e9ciales) et le grand camp.\u00a0<\/span><\/p><p><span style=\"font-weight: 400;\">Les sommes exactes \u00e0 payer vous seront communiqu\u00e9es par les staffs de vos enfants et tourneront <strong>autour de 15 EUR\/jour d&rsquo;activit\u00e9<\/strong>, couvrant le logement, les repas et les activit\u00e9s.<\/span><\/p><p><span style=\"font-weight: 400;\">En cas de difficult\u00e9s financi\u00e8res, veuillez contacter le staff d\u2019unit\u00e9.<\/span><\/p>\t\t\t\t\t\t\t\t<\/div>\n\t\t\t\t<\/div>\n\t\t\t\t\t<\/div>\n\t\t\t\t<\/div>\n\t\t\t\t<section class=\"elementor-section elementor-top-section elementor-element elementor-element-7ace3b8 elementor-section-boxed elementor-section-height-default elementor-section-height-default wpr-particle-no wpr-jarallax-no wpr-parallax-no wpr-sticky-section-no jltma-glass-effect-no wpr-equal-height-no aafe-bg-parallax-no aafe-ml-parallax-no\" data-id=\"7ace3b8\" data-element_type=\"section\" data-e-type=\"section\" data-settings=\"{&quot;background_background&quot;:&quot;classic&quot;}\">\n\t\t\t\t\t\t<div class=\"elementor-container elementor-column-gap-wide\">\n\t\t\t\t\t<div class=\"elementor-column elementor-col-25 elementor-top-column elementor-element elementor-element-4c343a8d jltma-glass-effect-no\" data-id=\"4c343a8d\" data-element_type=\"column\" data-e-type=\"column\">\n\t\t\t<div class=\"elementor-widget-wrap elementor-element-populated\">\n\t\t\t\t\t\t<div class=\"elementor-element elementor-element-5a274c13 elementor-widget__width-initial jltma-glass-effect-no elementor-widget elementor-widget-image\" data-id=\"5a274c13\" data-element_type=\"widget\" data-e-type=\"widget\" data-widget_type=\"image.default\">\n\t\t\t\t<div class=\"elementor-widget-container\">\n\t\t\t\t\t\t\t\t\t\t\t\t\t\t\t\t<a href=\"https:\/\/unite124.be\/\">\n\t\t\t\t\t\t\t<img decoding=\"async\" width=\"200\" height=\"189\" src=\"https:\/\/unite124.be\/wp-content\/uploads\/2025\/05\/unite-logo-White_footer.png\" class=\"attachment-medium size-medium wp-image-1738\" alt=\"\" srcset=\"https:\/\/unite124.be\/wp-content\/uploads\/2025\/05\/unite-logo-White_footer.png 200w, https:\/\/unite124.be\/wp-content\/uploads\/2025\/05\/elementor\/thumbs\/unite-logo-White_footer-r56itwkm77oi143uofazdqx273lov8bq527kumgmnq.png 100w\" sizes=\"(max-width: 200px) 100vw, 200px\" \/>\t\t\t\t\t\t\t\t<\/a>\n\t\t\t\t\t\t\t\t\t\t\t\t\t\t\t<\/div>\n\t\t\t\t<\/div>\n\t\t\t\t\t<\/div>\n\t\t<\/div>\n\t\t\t\t<div class=\"elementor-column elementor-col-25 elementor-top-column elementor-element elementor-element-6e577a3e jltma-glass-effect-no\" data-id=\"6e577a3e\" data-element_type=\"column\" data-e-type=\"column\">\n\t\t\t<div class=\"elementor-widget-wrap elementor-element-populated\">\n\t\t\t\t\t\t<div class=\"elementor-element elementor-element-74ee72c4 elementor-widget-tablet__width-inherit jltma-glass-effect-no elementor-widget elementor-widget-heading\" data-id=\"74ee72c4\" data-element_type=\"widget\" data-e-type=\"widget\" data-widget_type=\"heading.default\">\n\t\t\t\t<div class=\"elementor-widget-container\">\n\t\t\t\t\t<h4 class=\"elementor-heading-title elementor-size-default\">UNITE 124<\/h4>\t\t\t\t<\/div>\n\t\t\t\t<\/div>\n\t\t\t\t<div class=\"elementor-element elementor-element-2bbeca90 elementor-widget-tablet__width-inherit jltma-glass-effect-no elementor-widget elementor-widget-text-editor\" data-id=\"2bbeca90\" data-element_type=\"widget\" data-e-type=\"widget\" data-widget_type=\"text-editor.default\">\n\t\t\t\t<div class=\"elementor-widget-container\">\n\t\t\t\t\t\t\t\t\t<p>rue de l&rsquo;\u00e9lan, 44<br \/>1170 Watermael Boitsfort<br \/><span style=\"text-decoration: underline;\"><a href=\"mailto:unitescoute124@gmail.com\">unitescoute124@gmail.com<\/a><\/span><\/p>\t\t\t\t\t\t\t\t<\/div>\n\t\t\t\t<\/div>\n\t\t\t\t<div class=\"elementor-element elementor-element-3ff4b32d jltma-glass-effect-no elementor-widget elementor-widget-heading\" data-id=\"3ff4b32d\" data-element_type=\"widget\" data-e-type=\"widget\" data-widget_type=\"heading.default\">\n\t\t\t\t<div class=\"elementor-widget-container\">\n\t\t\t\t\t<h4 class=\"elementor-heading-title elementor-size-default\">Membre de la f\u00e9d\u00e9ration :<\/h4>\t\t\t\t<\/div>\n\t\t\t\t<\/div>\n\t\t\t\t<div class=\"elementor-element elementor-element-3a66a97c elementor-widget__width-initial elementor-widget-tablet__width-inherit jltma-glass-effect-no elementor-widget elementor-widget-image\" data-id=\"3a66a97c\" data-element_type=\"widget\" data-e-type=\"widget\" data-widget_type=\"image.default\">\n\t\t\t\t<div class=\"elementor-widget-container\">\n\t\t\t\t\t\t\t\t\t\t\t\t\t\t\t\t<a href=\"https:\/\/lesscouts.be\/fr\" target=\"_blank\">\n\t\t\t\t\t\t\t<img decoding=\"async\" width=\"159\" height=\"61\" src=\"https:\/\/unite124.be\/wp-content\/uploads\/2025\/05\/logo-footer.png\" class=\"attachment-large size-large wp-image-2658\" alt=\"\" \/>\t\t\t\t\t\t\t\t<\/a>\n\t\t\t\t\t\t\t\t\t\t\t\t\t\t\t<\/div>\n\t\t\t\t<\/div>\n\t\t\t\t\t<\/div>\n\t\t<\/div>\n\t\t\t\t<div class=\"elementor-column elementor-col-25 elementor-top-column elementor-element elementor-element-4b0a6fd4 jltma-glass-effect-no\" data-id=\"4b0a6fd4\" data-element_type=\"column\" data-e-type=\"column\">\n\t\t\t<div class=\"elementor-widget-wrap elementor-element-populated\">\n\t\t\t\t\t\t<div class=\"elementor-element elementor-element-78cb48ea jltma-glass-effect-no elementor-widget elementor-widget-heading\" data-id=\"78cb48ea\" data-element_type=\"widget\" data-e-type=\"widget\" data-widget_type=\"heading.default\">\n\t\t\t\t<div class=\"elementor-widget-container\">\n\t\t\t\t\t<h2 class=\"elementor-heading-title elementor-size-default\">Nous connaitre\n<\/h2>\t\t\t\t<\/div>\n\t\t\t\t<\/div>\n\t\t\t\t<div class=\"elementor-element elementor-element-31fe3f6c jltma-glass-effect-no elementor-widget elementor-widget-text-editor\" data-id=\"31fe3f6c\" data-element_type=\"widget\" data-e-type=\"widget\" data-widget_type=\"text-editor.default\">\n\t\t\t\t<div class=\"elementor-widget-container\">\n\t\t\t\t\t\t\t\t\t<p><a href=\"https:\/\/unite124.be\/\">&gt; Accueil<\/a><br \/><a href=\"https:\/\/unite124.be\/index.php\/unite\/\">&gt; L&rsquo;unit\u00e9<\/a><br \/><a href=\"https:\/\/unite124.be\/index.php\/sections\/\">&gt; Sections<\/a><br \/><a href=\"https:\/\/unite124.be\/index.php\/agenda\/\">&gt; Agenda<\/a><br \/><a href=\"https:\/\/unite124.be\/index.php\/contact\/\">&gt; Contact<\/a><\/p>\t\t\t\t\t\t\t\t<\/div>\n\t\t\t\t<\/div>\n\t\t\t\t\t<\/div>\n\t\t<\/div>\n\t\t\t\t<div class=\"elementor-column elementor-col-25 elementor-top-column elementor-element elementor-element-68073c26 jltma-glass-effect-no\" data-id=\"68073c26\" data-element_type=\"column\" data-e-type=\"column\">\n\t\t\t<div class=\"elementor-widget-wrap elementor-element-populated\">\n\t\t\t\t\t\t<div class=\"elementor-element elementor-element-125403ab jltma-glass-effect-no elementor-widget elementor-widget-heading\" data-id=\"125403ab\" data-element_type=\"widget\" data-e-type=\"widget\" data-widget_type=\"heading.default\">\n\t\t\t\t<div class=\"elementor-widget-container\">\n\t\t\t\t\t<h2 class=\"elementor-heading-title elementor-size-default\">\nS'informer<\/h2>\t\t\t\t<\/div>\n\t\t\t\t<\/div>\n\t\t\t\t<div class=\"elementor-element elementor-element-5dbc66bd jltma-glass-effect-no elementor-widget elementor-widget-text-editor\" data-id=\"5dbc66bd\" data-element_type=\"widget\" data-e-type=\"widget\" data-widget_type=\"text-editor.default\">\n\t\t\t\t<div class=\"elementor-widget-container\">\n\t\t\t\t\t\t\t\t\t<p><a href=\"https:\/\/unite124.be\/index.php\/inscriptions\/\">&gt; Inscriptions<\/a><br \/><a href=\"https:\/\/unite124.be\/index.php\/uniforme\/\">&gt; Uniformes<\/a><br \/><a href=\"https:\/\/unite124.be\/index.php\/ressources\/\">&gt; Ressources<\/a><br \/><a href=\"https:\/\/unite124.be\/index.php\/respect-de-la-vie-privee\/\">&gt; Respect de la vie priv\u00e9e<\/a><br \/><a href=\"https:\/\/unite124.be\/index.php\/parents-aidants\/\">&gt; Parents aidants\u200b<\/a><br \/><a href=\"https:\/\/unite124.be\/index.php\/anciens-et-amis-iama\/\">&gt; IAmA<\/a><\/p>\t\t\t\t\t\t\t\t<\/div>\n\t\t\t\t<\/div>\n\t\t\t\t\t<\/div>\n\t\t<\/div>\n\t\t\t\t\t<\/div>\n\t\t<\/section>\n\t\t\t\t<\/div>\n\t\t","protected":false},"excerpt":{"rendered":"<p>Demande d\u2019inscription Inscriptions et r\u00e9inscriptions pour l\u2019ann\u00e9e scoute 2026-2027 Les inscriptions pour l&rsquo;ann\u00e9e 2026-2027 d\u00e9buteront en mai 2026. Les inscriptions se font<\/p>\n","protected":false},"author":1,"featured_media":0,"parent":0,"menu_order":0,"comment_status":"closed","ping_status":"closed","template":"page-templates\/page_front-page.php","meta":{"footnotes":""},"class_list":["post-2555","page","type-page","status-publish","hentry"],"_links":{"self":[{"href":"https:\/\/unite124.be\/index.php\/wp-json\/wp\/v2\/pages\/2555","targetHints":{"allow":["GET"]}}],"collection":[{"href":"https:\/\/unite124.be\/index.php\/wp-json\/wp\/v2\/pages"}],"about":[{"href":"https:\/\/unite124.be\/index.php\/wp-json\/wp\/v2\/types\/page"}],"author":[{"embeddable":true,"href":"https:\/\/unite124.be\/index.php\/wp-json\/wp\/v2\/users\/1"}],"replies":[{"embeddable":true,"href":"https:\/\/unite124.be\/index.php\/wp-json\/wp\/v2\/comments?post=2555"}],"version-history":[{"count":37,"href":"https:\/\/unite124.be\/index.php\/wp-json\/wp\/v2\/pages\/2555\/revisions"}],"predecessor-version":[{"id":3206,"href":"https:\/\/unite124.be\/index.php\/wp-json\/wp\/v2\/pages\/2555\/revisions\/3206"}],"wp:attachment":[{"href":"https:\/\/unite124.be\/index.php\/wp-json\/wp\/v2\/media?parent=2555"}],"curies":[{"name":"wp","href":"https:\/\/api.w.org\/{rel}","templated":true}]}}